{"id":20,"date":"2026-01-24T18:55:54","date_gmt":"2026-01-24T18:55:54","guid":{"rendered":"https:\/\/varjend.ee\/services\/"},"modified":"2026-01-24T18:55:58","modified_gmt":"2026-01-24T18:55:58","slug":"services","status":"publish","type":"page","link":"https:\/\/varjend.ee\/ru\/services\/","title":{"rendered":"Services"},"content":{"rendered":"<div data-elementor-type=\"wp-page\" data-elementor-id=\"20\" class=\"elementor elementor-20\" data-elementor-post-type=\"page\">\n\t\t\t\t<div class=\"elementor-element elementor-element-634dcc3 e-flex e-con-boxed e-con e-parent\" data-id=\"634dcc3\" data-element_type=\"container\" data-e-type=\"container\" data-settings=\"{&quot;background_background&quot;:&quot;classic&quot;}\">\n\t\t\t\t\t<div class=\"e-con-inner\">\n\t\t\t\t<div class=\"elementor-element elementor-element-43ea9dc elementor-widget elementor-widget-heading\" data-id=\"43ea9dc\" data-element_type=\"widget\" data-e-type=\"widget\" data-widget_type=\"heading.default\">\n\t\t\t\t\t<h1 class=\"elementor-heading-title elementor-size-default\">Teenused<\/h1>\t\t\t\t<\/div>\n\t\t\t\t<div class=\"elementor-element elementor-element-8c26515 elementor-widget-divider--view-line elementor-widget elementor-widget-divider\" data-id=\"8c26515\" data-element_type=\"widget\" data-e-type=\"widget\" data-widget_type=\"divider.default\">\n\t\t\t\t\t\t\t<div class=\"elementor-divider\">\n\t\t\t<span class=\"elementor-divider-separator\">\n\t\t\t\t\t\t<\/span>\n\t\t<\/div>\n\t\t\t\t\t\t<\/div>\n\t\t\t\t\t<\/div>\n\t\t\t\t<\/div>\n\t\t<div class=\"elementor-element elementor-element-9f3963b e-flex e-con-boxed e-con e-parent\" data-id=\"9f3963b\" data-element_type=\"container\" data-e-type=\"container\">\n\t\t\t\t\t<div class=\"e-con-inner\">\n\t\t<div class=\"elementor-element elementor-element-17dca28 e-con-full e-flex e-con e-child\" data-id=\"17dca28\" data-element_type=\"container\" data-e-type=\"container\">\n\t\t\t\t<div class=\"elementor-element elementor-element-8c5b280 elementor-widget elementor-widget-image\" data-id=\"8c5b280\" data-element_type=\"widget\" data-e-type=\"widget\" data-widget_type=\"image.default\">\n\t\t\t\t\t\t\t\t\t\t\t\t\t\t\t<img fetchpriority=\"high\" decoding=\"async\" width=\"700\" height=\"933\" src=\"https:\/\/varjend.ee\/wp-content\/uploads\/2026\/01\/pexels-photo-8791850-1.jpeg\" class=\"attachment-large size-large wp-image-581\" alt=\"pexels photo 8791850.jpeg\" srcset=\"https:\/\/varjend.ee\/wp-content\/uploads\/2026\/01\/pexels-photo-8791850-1.jpeg 700w, https:\/\/varjend.ee\/wp-content\/uploads\/2026\/01\/pexels-photo-8791850-1-225x300.jpeg 225w\" sizes=\"(max-width: 700px) 100vw, 700px\" title=\"Services\">\t\t\t\t\t\t\t\t\t\t\t\t\t\t\t<\/div>\n\t\t\t\t<div class=\"elementor-element elementor-element-5c325d8 elementor-widget elementor-widget-heading\" data-id=\"5c325d8\" data-element_type=\"widget\" data-e-type=\"widget\" data-widget_type=\"heading.default\">\n\t\t\t\t\t<h2 class=\"elementor-heading-title elementor-size-default\">\u0421\u0442\u0440\u043e\u0438\u0442\u0435\u043b\u044c\u0441\u0442\u0432\u043e \u0443\u0431\u0435\u0436\u0438\u0449<\/h2>\t\t\t\t<\/div>\n\t\t\t\t<div class=\"elementor-element elementor-element-9636a73 elementor-widget-divider--view-line elementor-widget elementor-widget-divider\" data-id=\"9636a73\" data-element_type=\"widget\" data-e-type=\"widget\" data-widget_type=\"divider.default\">\n\t\t\t\t\t\t\t<div class=\"elementor-divider\">\n\t\t\t<span class=\"elementor-divider-separator\">\n\t\t\t\t\t\t<\/span>\n\t\t<\/div>\n\t\t\t\t\t\t<\/div>\n\t\t\t\t<div class=\"elementor-element elementor-element-23317fc elementor-widget elementor-widget-text-editor\" data-id=\"23317fc\" data-element_type=\"widget\" data-e-type=\"widget\" data-widget_type=\"text-editor.default\">\n\t\t\t\t\t\t\t\t\t<p>Pakume kvaliteetsete varjendite ehitamist, mis vastavad Soome S1-S3 klassidele, tagades teie korterelamule parima kaitse ja turvalisuse.<\/p>\t\t\t\t\t\t\t\t<\/div>\n\t\t\t\t<\/div>\n\t\t<div class=\"elementor-element elementor-element-611b516 e-con-full e-flex e-con e-child\" data-id=\"611b516\" data-element_type=\"container\" data-e-type=\"container\">\n\t\t\t\t<div class=\"elementor-element elementor-element-ff4083b elementor-widget elementor-widget-image\" data-id=\"ff4083b\" data-element_type=\"widget\" data-e-type=\"widget\" data-widget_type=\"image.default\">\n\t\t\t\t\t\t\t\t\t\t\t\t\t\t\t<img decoding=\"async\" width=\"681\" height=\"1024\" src=\"https:\/\/varjend.ee\/wp-content\/uploads\/2026\/01\/pexels-photo-33999713-1-681x1024.jpeg\" class=\"attachment-large size-large wp-image-582\" alt=\"pexels photo 33999713.jpeg\" srcset=\"https:\/\/varjend.ee\/wp-content\/uploads\/2026\/01\/pexels-photo-33999713-1-681x1024.jpeg 681w, https:\/\/varjend.ee\/wp-content\/uploads\/2026\/01\/pexels-photo-33999713-1-199x300.jpeg 199w, https:\/\/varjend.ee\/wp-content\/uploads\/2026\/01\/pexels-photo-33999713-1.jpeg 700w\" sizes=\"(max-width: 681px) 100vw, 681px\" title=\"Services\">\t\t\t\t\t\t\t\t\t\t\t\t\t\t\t<\/div>\n\t\t\t\t<div class=\"elementor-element elementor-element-f479e8d elementor-widget elementor-widget-heading\" data-id=\"f479e8d\" data-element_type=\"widget\" data-e-type=\"widget\" data-widget_type=\"heading.default\">\n\t\t\t\t\t<h2 class=\"elementor-heading-title elementor-size-default\">Torkreteerimine<\/h2>\t\t\t\t<\/div>\n\t\t\t\t<div class=\"elementor-element elementor-element-ca4a618 elementor-widget-divider--view-line elementor-widget elementor-widget-divider\" data-id=\"ca4a618\" data-element_type=\"widget\" data-e-type=\"widget\" data-widget_type=\"divider.default\">\n\t\t\t\t\t\t\t<div class=\"elementor-divider\">\n\t\t\t<span class=\"elementor-divider-separator\">\n\t\t\t\t\t\t<\/span>\n\t\t<\/div>\n\t\t\t\t\t\t<\/div>\n\t\t\t\t<div class=\"elementor-element elementor-element-8dea7f6 elementor-widget elementor-widget-text-editor\" data-id=\"8dea7f6\" data-element_type=\"widget\" data-e-type=\"widget\" data-widget_type=\"text-editor.default\">\n\t\t\t\t\t\t\t\t\t<p>Meie spetsialiseerumine betooni pritsimisele ehk torkreteerimisele tagab kiire ja efektiivse ehitusprotsessi, mis t\u00f5hustab olemasolevate ruumide kasutust.<\/p>\t\t\t\t\t\t\t\t<\/div>\n\t\t\t\t<\/div>\n\t\t<div class=\"elementor-element elementor-element-52bae28 e-con-full e-flex e-con e-child\" data-id=\"52bae28\" data-element_type=\"container\" data-e-type=\"container\">\n\t\t\t\t<div class=\"elementor-element elementor-element-ce545a6 elementor-widget elementor-widget-image\" data-id=\"ce545a6\" data-element_type=\"widget\" data-e-type=\"widget\" data-widget_type=\"image.default\">\n\t\t\t\t\t\t\t\t\t\t\t\t\t\t\t<img decoding=\"async\" width=\"1024\" height=\"682\" src=\"https:\/\/varjend.ee\/wp-content\/uploads\/2026\/01\/bunker-air-raid-shelter-world-war-bombing-161756-1-1024x682.jpeg\" class=\"attachment-large size-large wp-image-583\" alt=\"bunker air raid shelter world war bombing 161756.jpeg\" srcset=\"https:\/\/varjend.ee\/wp-content\/uploads\/2026\/01\/bunker-air-raid-shelter-world-war-bombing-161756-1-1024x682.jpeg 1024w, https:\/\/varjend.ee\/wp-content\/uploads\/2026\/01\/bunker-air-raid-shelter-world-war-bombing-161756-1-300x200.jpeg 300w, https:\/\/varjend.ee\/wp-content\/uploads\/2026\/01\/bunker-air-raid-shelter-world-war-bombing-161756-1-768x512.jpeg 768w, https:\/\/varjend.ee\/wp-content\/uploads\/2026\/01\/bunker-air-raid-shelter-world-war-bombing-161756-1.jpeg 1280w\" sizes=\"(max-width: 1024px) 100vw, 1024px\" title=\"Services\">\t\t\t\t\t\t\t\t\t\t\t\t\t\t\t<\/div>\n\t\t\t\t<div class=\"elementor-element elementor-element-3b884fc elementor-widget elementor-widget-heading\" data-id=\"3b884fc\" data-element_type=\"widget\" data-e-type=\"widget\" data-widget_type=\"heading.default\">\n\t\t\t\t\t<h2 class=\"elementor-heading-title elementor-size-default\">Disaini kohandamine<\/h2>\t\t\t\t<\/div>\n\t\t\t\t<div class=\"elementor-element elementor-element-8979acf elementor-widget-divider--view-line elementor-widget elementor-widget-divider\" data-id=\"8979acf\" data-element_type=\"widget\" data-e-type=\"widget\" data-widget_type=\"divider.default\">\n\t\t\t\t\t\t\t<div class=\"elementor-divider\">\n\t\t\t<span class=\"elementor-divider-separator\">\n\t\t\t\t\t\t<\/span>\n\t\t<\/div>\n\t\t\t\t\t\t<\/div>\n\t\t\t\t<div class=\"elementor-element elementor-element-9237544 elementor-widget elementor-widget-text-editor\" data-id=\"9237544\" data-element_type=\"widget\" data-e-type=\"widget\" data-widget_type=\"text-editor.default\">\n\t\t\t\t\t\t\t\t\t<p>Meie meeskond t\u00f6\u00f6tab koos teiega, et kohandada varjendi disain vastavalt teie vajadustele ja ruumide erip\u00e4radele, v\u00f5imaldades individuaalset lahendust.<\/p>\t\t\t\t\t\t\t\t<\/div>\n\t\t\t\t<\/div>\n\t\t<div class=\"elementor-element elementor-element-79e0864 e-con-full e-flex e-con e-child\" data-id=\"79e0864\" data-element_type=\"container\" data-e-type=\"container\">\n\t\t\t\t<div class=\"elementor-element elementor-element-bdd2ece elementor-widget elementor-widget-image\" data-id=\"bdd2ece\" data-element_type=\"widget\" data-e-type=\"widget\" data-widget_type=\"image.default\">\n\t\t\t\t\t\t\t\t\t\t\t\t\t\t\t<img loading=\"lazy\" decoding=\"async\" width=\"1024\" height=\"683\" src=\"https:\/\/varjend.ee\/wp-content\/uploads\/2026\/01\/pexels-photo-16723161-1-1024x683.jpeg\" class=\"attachment-large size-large wp-image-585\" alt=\"pexels photo 16723161.jpeg\" srcset=\"https:\/\/varjend.ee\/wp-content\/uploads\/2026\/01\/pexels-photo-16723161-1-1024x683.jpeg 1024w, https:\/\/varjend.ee\/wp-content\/uploads\/2026\/01\/pexels-photo-16723161-1-300x200.jpeg 300w, https:\/\/varjend.ee\/wp-content\/uploads\/2026\/01\/pexels-photo-16723161-1-768x512.jpeg 768w, https:\/\/varjend.ee\/wp-content\/uploads\/2026\/01\/pexels-photo-16723161-1.jpeg 1280w\" sizes=\"(max-width: 1024px) 100vw, 1024px\" title=\"Services\">\t\t\t\t\t\t\t\t\t\t\t\t\t\t\t<\/div>\n\t\t\t\t<div class=\"elementor-element elementor-element-99a952b elementor-widget elementor-widget-heading\" data-id=\"99a952b\" data-element_type=\"widget\" data-e-type=\"widget\" data-widget_type=\"heading.default\">\n\t\t\t\t\t<h2 class=\"elementor-heading-title elementor-size-default\">Sertifitseerimine<\/h2>\t\t\t\t<\/div>\n\t\t\t\t<div class=\"elementor-element elementor-element-d23093e elementor-widget-divider--view-line elementor-widget elementor-widget-divider\" data-id=\"d23093e\" data-element_type=\"widget\" data-e-type=\"widget\" data-widget_type=\"divider.default\">\n\t\t\t\t\t\t\t<div class=\"elementor-divider\">\n\t\t\t<span class=\"elementor-divider-separator\">\n\t\t\t\t\t\t<\/span>\n\t\t<\/div>\n\t\t\t\t\t\t<\/div>\n\t\t\t\t<div class=\"elementor-element elementor-element-19c978a elementor-widget elementor-widget-text-editor\" data-id=\"19c978a\" data-element_type=\"widget\" data-e-type=\"widget\" data-widget_type=\"text-editor.default\">\n\t\t\t\t\t\t\t\t\t<p>Kinnitame, et k\u00f5ik meie ehitatud varjendid vastavad kehtivatele standarditele ja normidele, tagades teie rahulolu ja seaduslikkuse igas etapis.<\/p>\t\t\t\t\t\t\t\t<\/div>\n\t\t\t\t<\/div>\n\t\t\t\t\t<\/div>\n\t\t\t\t<\/div>\n\t\t<div class=\"elementor-element elementor-element-d374dcf e-flex e-con-boxed e-con e-parent\" data-id=\"d374dcf\" data-element_type=\"container\" data-e-type=\"container\" data-settings=\"{&quot;background_background&quot;:&quot;classic&quot;}\">\n\t\t\t\t\t<div class=\"e-con-inner\">\n\t\t\t\t<div class=\"elementor-element elementor-element-9b3b66f elementor-widget-divider--view-line elementor-widget elementor-widget-divider\" data-id=\"9b3b66f\" data-element_type=\"widget\" data-e-type=\"widget\" data-widget_type=\"divider.default\">\n\t\t\t\t\t\t\t<div class=\"elementor-divider\">\n\t\t\t<span class=\"elementor-divider-separator\">\n\t\t\t\t\t\t<\/span>\n\t\t<\/div>\n\t\t\t\t\t\t<\/div>\n\t\t\t\t<div class=\"elementor-element elementor-element-0877148 elementor-widget elementor-widget-hfe-infocard\" data-id=\"0877148\" data-element_type=\"widget\" data-e-type=\"widget\" data-widget_type=\"hfe-infocard.default\">\n\t\t\t\t<div class=\"elementor-widget-container\">\n\t\t\t\t\t\n\t\t<div class=\"hfe-infocard\">\n\t\t\t\t\t\t\t\t\t<div class=\"hfe-infocard-title-wrap\">\n\t\t\t\t<h2 class=\"hfe-infocard-title elementor-inline-editing\" data-elementor-setting-key=\"infocard_title\" data-elementor-inline-editing-toolbar=\"basic\" >Vajad varjendit? Meie aitame!<\/h2>\t\t\t<\/div>\n\t\t\t\t\t\t<div class=\"hfe-infocard-text-wrap\">\n\t\t\t\t<div class=\"hfe-infocard-text elementor-inline-editing\" data-elementor-setting-key=\"infocard_description\" data-elementor-inline-editing-toolbar=\"advanced\">\n\t\t\t\t\tV\u00f5tke meiega \u00fchendust ja laske meil aidata teil leida parim lahendus teie varjendi vajadustele.\t\t\t\t<\/div>\n\t\t\t\t\t\t\t<div class=\"hfe-button-wrapper elementor-widget-button\">\n\t\t\t\t<a href=\"\/ru\/contact\/\" class=\"elementor-button-link elementor-button elementor-size-sm\">\n\t\t\t\t\t<span class=\"elementor-button-text elementor-inline-editing\"  data-elementor-setting-key=\"infocard_button_text\" data-elementor-inline-editing-toolbar=\"none\">K\u00fcsi pakkumist<\/span>\n\t\t\t\t<\/a>\n\t\t\t<\/div>\n\t\t\t\t\t\t<\/div>\n\t\t<\/div>\n\n\t\t\t\t\t\t<\/div>\n\t\t\t\t<\/div>\n\t\t\t\t\t<\/div>\n\t\t\t\t<\/div>\n\t\t\t\t<\/div>","protected":false},"excerpt":{"rendered":"","protected":false},"author":1,"featured_media":0,"parent":0,"menu_order":0,"comment_status":"closed","ping_status":"closed","template":"","meta":{"site-sidebar-layout":"no-sidebar","site-content-layout":"","ast-site-content-layout":"full-width-container","site-content-style":"default","site-sidebar-style":"default","ast-global-header-display":"","ast-banner-title-visibility":"","ast-main-header-display":"","ast-hfb-above-header-display":"","ast-hfb-below-header-display":"","ast-hfb-mobile-header-display":"","site-post-title":"disabled","ast-breadcrumbs-content":"","ast-featured-img":"disabled","footer-sml-layout":"","ast-disable-related-posts":"","theme-transparent-header-meta":"enabled","adv-header-id-meta":"","stick-header-meta":"","header-above-stick-meta":"","header-main-stick-meta":"","header-below-stick-meta":"","astra-migrate-meta-layouts":"default","ast-page-background-enabled":"default","ast-page-background-meta":{"desktop":{"background-color":"var(--ast-global-color-5)","background-image":"","background-repeat":"repeat","background-position":"center center","background-size":"auto","background-attachment":"scroll","background-type":"","background-media":"","overlay-type":"","overlay-color":"","overlay-opacity":"","overlay-gradient":""},"tablet":{"background-color":"","background-image":"","background-repeat":"repeat","background-position":"center center","background-size":"auto","background-attachment":"scroll","background-type":"","background-media":"","overlay-type":"","overlay-color":"","overlay-opacity":"","overlay-gradient":""},"mobile":{"background-color":"","background-image":"","background-repeat":"repeat","background-position":"center center","background-size":"auto","background-attachment":"scroll","background-type":"","background-media":"","overlay-type":"","overlay-color":"","overlay-opacity":"","overlay-gradient":""}},"ast-content-background-meta":{"desktop":{"background-color":"var(--ast-global-color-4)","background-image":"","background-repeat":"repeat","background-position":"center center","background-size":"auto","background-attachment":"scroll","background-type":"","background-media":"","overlay-type":"","overlay-color":"","overlay-opacity":"","overlay-gradient":""},"tablet":{"background-color":"var(--ast-global-color-4)","background-image":"","background-repeat":"repeat","background-position":"center center","background-size":"auto","background-attachment":"scroll","background-type":"","background-media":"","overlay-type":"","overlay-color":"","overlay-opacity":"","overlay-gradient":""},"mobile":{"background-color":"var(--ast-global-color-4)","background-image":"","background-repeat":"repeat","background-position":"center center","background-size":"auto","background-attachment":"scroll","background-type":"","background-media":"","overlay-type":"","overlay-color":"","overlay-opacity":"","overlay-gradient":""}},"footnotes":""},"class_list":["post-20","page","type-page","status-publish","hentry"],"_links":{"self":[{"href":"https:\/\/varjend.ee\/ru\/wp-json\/wp\/v2\/pages\/20","targetHints":{"allow":["GET"]}}],"collection":[{"href":"https:\/\/varjend.ee\/ru\/wp-json\/wp\/v2\/pages"}],"about":[{"href":"https:\/\/varjend.ee\/ru\/wp-json\/wp\/v2\/types\/page"}],"author":[{"embeddable":true,"href":"https:\/\/varjend.ee\/ru\/wp-json\/wp\/v2\/users\/1"}],"replies":[{"embeddable":true,"href":"https:\/\/varjend.ee\/ru\/wp-json\/wp\/v2\/comments?post=20"}],"version-history":[{"count":1,"href":"https:\/\/varjend.ee\/ru\/wp-json\/wp\/v2\/pages\/20\/revisions"}],"predecessor-version":[{"id":579,"href":"https:\/\/varjend.ee\/ru\/wp-json\/wp\/v2\/pages\/20\/revisions\/579"}],"wp:attachment":[{"href":"https:\/\/varjend.ee\/ru\/wp-json\/wp\/v2\/media?parent=20"}],"curies":[{"name":"wp","href":"https:\/\/api.w.org\/{rel}","templated":true}]}}